{"id":36,"date":"2021-08-04T18:06:35","date_gmt":"2021-08-04T18:06:35","guid":{"rendered":"https:\/\/hiplantro.com\/?page_id=36"},"modified":"2023-02-28T15:43:41","modified_gmt":"2023-02-28T15:43:41","slug":"nuestros-empleado","status":"publish","type":"page","link":"https:\/\/hiplantro.com\/en\/nuestros-empleado\/","title":{"rendered":"Work with us"},"content":{"rendered":"<div data-elementor-type=\"wp-page\" data-elementor-id=\"36\" class=\"elementor elementor-36\">\n\t\t\t\t\t\t<section class=\"elementor-section elementor-top-section elementor-element elementor-element-3442c3e elementor-section-height-min-height elementor-section-content-middle elementor-section-full_width elementor-section-stretched elementor-section-height-default elementor-section-items-middle\" data-id=\"3442c3e\" data-element_type=\"section\" data-e-type=\"section\" data-settings=\"{&quot;background_background&quot;:&quot;classic&quot;,&quot;stretch_section&quot;:&quot;section-stretched&quot;}\">\n\t\t\t\t\t\t\t<div class=\"elementor-background-overlay\"><\/div>\n\t\t\t\t\t\t\t<div class=\"elementor-container elementor-column-gap-no\">\n\t\t\t\t\t<div class=\"elementor-column elementor-col-100 elementor-top-column elementor-element elementor-element-79828ea\" data-id=\"79828ea\" data-element_type=\"column\" data-e-type=\"column\">\n\t\t\t<div class=\"elementor-widget-wrap elementor-element-populated\">\n\t\t\t\t\t\t<div class=\"elementor-element elementor-element-48b40a0 elementor-widget elementor-widget-heading\" data-id=\"48b40a0\" data-element_type=\"widget\" data-e-type=\"widget\" data-widget_type=\"heading.default\">\n\t\t\t\t<div class=\"elementor-widget-container\">\n\t\t\t\t\t<h2 class=\"elementor-heading-title elementor-size-default\">Here begins a path to well-being.<\/h2>\t\t\t\t<\/div>\n\t\t\t\t<\/div>\n\t\t\t\t\t<\/div>\n\t\t<\/div>\n\t\t\t\t\t<\/div>\n\t\t<\/section>\n\t\t\t\t<section class=\"elementor-section elementor-top-section elementor-element elementor-element-1633bfc5 elementor-section-boxed elementor-section-height-default elementor-section-height-default\" data-id=\"1633bfc5\" data-element_type=\"section\" data-e-type=\"section\">\n\t\t\t\t\t\t<div class=\"elementor-container elementor-column-gap-default\">\n\t\t\t\t\t<div class=\"elementor-column elementor-col-100 elementor-top-column elementor-element elementor-element-66e3eccd\" data-id=\"66e3eccd\" data-element_type=\"column\" data-e-type=\"column\">\n\t\t\t<div class=\"elementor-widget-wrap elementor-element-populated\">\n\t\t\t\t\t\t<div class=\"elementor-element elementor-element-78014f5 elementor-widget elementor-widget-heading\" data-id=\"78014f5\" data-element_type=\"widget\" data-e-type=\"widget\" data-widget_type=\"heading.default\">\n\t\t\t\t<div class=\"elementor-widget-container\">\n\t\t\t\t\t<h1 class=\"elementor-heading-title elementor-size-default\">En Hiplantro sabemos que nuestras personas son el mejor recurso y por eso m\u00e1s que un grupo de colaboradores somos una familia. Cada uno de nosotros hace parte fundamental de lo que hacemos y valoramos profundamente el aporte de todos. <\/h1>\t\t\t\t<\/div>\n\t\t\t\t<\/div>\n\t\t\t\t\t<\/div>\n\t\t<\/div>\n\t\t\t\t\t<\/div>\n\t\t<\/section>\n\t\t\t\t<section class=\"elementor-section elementor-top-section elementor-element elementor-element-5da81ee elementor-section-content-middle elementor-section-boxed elementor-section-height-default elementor-section-height-default\" data-id=\"5da81ee\" data-element_type=\"section\" data-e-type=\"section\" data-settings=\"{&quot;background_background&quot;:&quot;classic&quot;}\">\n\t\t\t\t\t\t<div class=\"elementor-container elementor-column-gap-no\">\n\t\t\t\t\t<div class=\"elementor-column elementor-col-50 elementor-top-column elementor-element elementor-element-bb51409\" data-id=\"bb51409\" data-element_type=\"column\" data-e-type=\"column\">\n\t\t\t<div class=\"elementor-widget-wrap elementor-element-populated\">\n\t\t\t\t\t\t<div class=\"elementor-element elementor-element-e18fa40 elementor-widget elementor-widget-image\" data-id=\"e18fa40\" data-element_type=\"widget\" data-e-type=\"widget\" data-widget_type=\"image.default\">\n\t\t\t\t<div class=\"elementor-widget-container\">\n\t\t\t\t\t\t\t\t\t\t\t\t\t\t\t<img fetchpriority=\"high\" decoding=\"async\" width=\"2269\" height=\"2288\" src=\"https:\/\/hiplantro.com\/wp-content\/uploads\/2022\/06\/Foto-creemos-en-el-poder-de-las-alianzas-18.png\" class=\"attachment-full size-full wp-image-694\" alt=\"\" srcset=\"https:\/\/hiplantro.com\/wp-content\/uploads\/2022\/06\/Foto-creemos-en-el-poder-de-las-alianzas-18.png 2269w, https:\/\/hiplantro.com\/wp-content\/uploads\/2022\/06\/Foto-creemos-en-el-poder-de-las-alianzas-18-298x300.png 298w, https:\/\/hiplantro.com\/wp-content\/uploads\/2022\/06\/Foto-creemos-en-el-poder-de-las-alianzas-18-1015x1024.png 1015w, https:\/\/hiplantro.com\/wp-content\/uploads\/2022\/06\/Foto-creemos-en-el-poder-de-las-alianzas-18-150x150.png 150w, https:\/\/hiplantro.com\/wp-content\/uploads\/2022\/06\/Foto-creemos-en-el-poder-de-las-alianzas-18-768x774.png 768w, https:\/\/hiplantro.com\/wp-content\/uploads\/2022\/06\/Foto-creemos-en-el-poder-de-las-alianzas-18-1523x1536.png 1523w, https:\/\/hiplantro.com\/wp-content\/uploads\/2022\/06\/Foto-creemos-en-el-poder-de-las-alianzas-18-2031x2048.png 2031w\" sizes=\"(max-width: 2269px) 100vw, 2269px\" \/>\t\t\t\t\t\t\t\t\t\t\t\t\t\t\t<\/div>\n\t\t\t\t<\/div>\n\t\t\t\t\t<\/div>\n\t\t<\/div>\n\t\t\t\t<div class=\"elementor-column elementor-col-50 elementor-top-column elementor-element elementor-element-e2038b7\" data-id=\"e2038b7\" data-element_type=\"column\" data-e-type=\"column\">\n\t\t\t<div class=\"elementor-widget-wrap elementor-element-populated\">\n\t\t\t\t\t\t<div class=\"elementor-element elementor-element-0356340 elementor-widget elementor-widget-heading\" data-id=\"0356340\" data-element_type=\"widget\" data-e-type=\"widget\" data-widget_type=\"heading.default\">\n\t\t\t\t<div class=\"elementor-widget-container\">\n\t\t\t\t\t<h4 class=\"elementor-heading-title elementor-size-default\">Contact us!<\/h4>\t\t\t\t<\/div>\n\t\t\t\t<\/div>\n\t\t\t\t<div class=\"elementor-element elementor-element-1562a7e elementor-widget elementor-widget-text-editor\" data-id=\"1562a7e\" data-element_type=\"widget\" data-e-type=\"widget\" data-widget_type=\"text-editor.default\">\n\t\t\t\t<div class=\"elementor-widget-container\">\n\t\t\t\t\t\t\t\t\t<p>Env\u00edanos tu hoja de vida y ponte en contacto con nosotros a trav\u00e9s del correo gestionhumana@hiplantro.com<\/p>\n<p>Tambi\u00e9n puedes compartirnos tu solicitud llenando el siguiente formulario, si tenemos vacantes disponibles no dudaremos en comunicarnos contigo.<\/p>\t\t\t\t\t\t\t\t<\/div>\n\t\t\t\t<\/div>\n\t\t\t\t<div class=\"elementor-element elementor-element-9300830 elementor-align-center elementor-widget elementor-widget-button\" data-id=\"9300830\" data-element_type=\"widget\" data-e-type=\"widget\" data-widget_type=\"button.default\">\n\t\t\t\t<div class=\"elementor-widget-container\">\n\t\t\t\t\t\t\t\t\t<div class=\"elementor-button-wrapper\">\n\t\t\t\t\t<a class=\"elementor-button elementor-button-link elementor-size-sm\" href=\"https:\/\/hiplantro.com\/en\/contacto\/\" target=\"_blank\">\n\t\t\t\t\t\t<span class=\"elementor-button-content-wrapper\">\n\t\t\t\t\t\t<span class=\"elementor-button-icon\">\n\t\t\t\t<i aria-hidden=\"true\" class=\"far fa-envelope\"><\/i>\t\t\t<\/span>\n\t\t\t\t\t\t\t\t\t<span class=\"elementor-button-text\">Contact<\/span>\n\t\t\t\t\t<\/span>\n\t\t\t\t\t<\/a>\n\t\t\t\t<\/div>\n\t\t\t\t\t\t\t\t<\/div>\n\t\t\t\t<\/div>\n\t\t\t\t\t<\/div>\n\t\t<\/div>\n\t\t\t\t\t<\/div>\n\t\t<\/section>\n\t\t\t\t<\/div>","protected":false},"excerpt":{"rendered":"<p>Aqu\u00ed inicia un camino de bienestar En Hiplantro sabemos que nuestras personas son el mejor recurso y por eso m\u00e1s que un grupo de colaboradores somos una familia. Cada uno de nosotros hace parte fundamental de lo que hacemos y valoramos profundamente el aporte de todos. \u00a1Cont\u00e1ctanos! Env\u00edanos tu hoja de vida y ponte en contacto con nosotros a trav\u00e9s [&hellip;]<\/p>\n","protected":false},"author":1,"featured_media":0,"parent":0,"menu_order":0,"comment_status":"closed","ping_status":"closed","template":"","meta":{"_coblocks_attr":"","_coblocks_dimensions":"","_coblocks_responsive_height":"","_coblocks_accordion_ie_support":"","footnotes":""},"class_list":["post-36","page","type-page","status-publish","hentry"],"_links":{"self":[{"href":"https:\/\/hiplantro.com\/en\/wp-json\/wp\/v2\/pages\/36","targetHints":{"allow":["GET"]}}],"collection":[{"href":"https:\/\/hiplantro.com\/en\/wp-json\/wp\/v2\/pages"}],"about":[{"href":"https:\/\/hiplantro.com\/en\/wp-json\/wp\/v2\/types\/page"}],"author":[{"embeddable":true,"href":"https:\/\/hiplantro.com\/en\/wp-json\/wp\/v2\/users\/1"}],"replies":[{"embeddable":true,"href":"https:\/\/hiplantro.com\/en\/wp-json\/wp\/v2\/comments?post=36"}],"version-history":[{"count":12,"href":"https:\/\/hiplantro.com\/en\/wp-json\/wp\/v2\/pages\/36\/revisions"}],"predecessor-version":[{"id":1018,"href":"https:\/\/hiplantro.com\/en\/wp-json\/wp\/v2\/pages\/36\/revisions\/1018"}],"wp:attachment":[{"href":"https:\/\/hiplantro.com\/en\/wp-json\/wp\/v2\/media?parent=36"}],"curies":[{"name":"wp","href":"https:\/\/api.w.org\/{rel}","templated":true}]}}